{"id":12,"date":"2023-01-19T15:50:59","date_gmt":"2023-01-19T15:50:59","guid":{"rendered":"https:\/\/editorialsocietas.com\/?page_id=12"},"modified":"2023-02-02T15:21:07","modified_gmt":"2023-02-02T21:21:07","slug":"forma-pago","status":"publish","type":"page","link":"https:\/\/editorialsocietas.com\/index.php\/forma-pago\/","title":{"rendered":"Forma pago"},"content":{"rendered":"\t\t<div data-elementor-type=\"wp-page\" data-elementor-id=\"12\" class=\"elementor elementor-12\">\n\t\t\t\t\t\t\t\t\t<section class=\"elementor-section elementor-top-section elementor-element elementor-element-aa16604 elementor-section-boxed elementor-section-height-default elementor-section-height-default\" data-id=\"aa16604\" data-element_type=\"section\">\n\t\t\t\t\t\t<div class=\"elementor-container elementor-column-gap-default\">\n\t\t\t\t\t<div class=\"elementor-column elementor-col-100 elementor-top-column elementor-element elementor-element-ba40035\" data-id=\"ba40035\" data-element_type=\"column\">\n\t\t\t<div class=\"elementor-widget-wrap elementor-element-populated\">\n\t\t\t\t\t\t\t\t<div class=\"elementor-element elementor-element-de87718 elementor-widget elementor-widget-heading\" data-id=\"de87718\" data-element_type=\"widget\" data-widget_type=\"heading.default\">\n\t\t\t\t<div class=\"elementor-widget-container\">\n\t\t\t<style>\/*! elementor - v3.10.2 - 29-01-2023 *\/\n.elementor-heading-title{padding:0;margin:0;line-height:1}.elementor-widget-heading .elementor-heading-title[class*=elementor-size-]>a{color:inherit;font-size:inherit;line-height:inherit}.elementor-widget-heading .elementor-heading-title.elementor-size-small{font-size:15px}.elementor-widget-heading .elementor-heading-title.elementor-size-medium{font-size:19px}.elementor-widget-heading .elementor-heading-title.elementor-size-large{font-size:29px}.elementor-widget-heading .elementor-heading-title.elementor-size-xl{font-size:39px}.elementor-widget-heading .elementor-heading-title.elementor-size-xxl{font-size:59px}<\/style><h1 class=\"elementor-heading-title elementor-size-large\">Forma de pago<\/h1>\t\t<\/div>\n\t\t\t\t<\/div>\n\t\t\t\t\t<\/div>\n\t\t<\/div>\n\t\t\t\t\t\t\t<\/div>\n\t\t<\/section>\n\t\t\t\t<section class=\"elementor-section elementor-top-section elementor-element elementor-element-188941f elementor-section-boxed elementor-section-height-default elementor-section-height-default\" data-id=\"188941f\" data-element_type=\"section\">\n\t\t\t\t\t\t<div class=\"elementor-container elementor-column-gap-default\">\n\t\t\t\t\t<div class=\"elementor-column elementor-col-33 elementor-top-column elementor-element elementor-element-707c969\" data-id=\"707c969\" data-element_type=\"column\">\n\t\t\t<div class=\"elementor-widget-wrap elementor-element-populated\">\n\t\t\t\t\t\t\t\t<div class=\"elementor-element elementor-element-f034ffe elementor-widget elementor-widget-image\" data-id=\"f034ffe\" data-element_type=\"widget\" data-widget_type=\"image.default\">\n\t\t\t\t<div class=\"elementor-widget-container\">\n\t\t\t<style>\/*! elementor - v3.10.2 - 29-01-2023 *\/\n.elementor-widget-image{text-align:center}.elementor-widget-image a{display:inline-block}.elementor-widget-image a img[src$=\".svg\"]{width:48px}.elementor-widget-image img{vertical-align:middle;display:inline-block}<\/style>\t\t\t\t\t\t\t\t\t\t\t\t<img decoding=\"async\" width=\"720\" height=\"379\" src=\"https:\/\/editorialsocietas.com\/wp-content\/uploads\/2023\/01\/paypal.jpg\" class=\"attachment-large size-large wp-image-25\" alt=\"\" loading=\"lazy\" srcset=\"https:\/\/editorialsocietas.com\/wp-content\/uploads\/2023\/01\/paypal.jpg 768w, https:\/\/editorialsocietas.com\/wp-content\/uploads\/2023\/01\/paypal-600x316.jpg 600w, https:\/\/editorialsocietas.com\/wp-content\/uploads\/2023\/01\/paypal-300x158.jpg 300w, https:\/\/editorialsocietas.com\/wp-content\/uploads\/2023\/01\/paypal-720x380.jpg 720w\" sizes=\"(max-width: 720px) 100vw, 720px\" \/>\t\t\t\t\t\t\t\t\t\t\t\t\t\t\t<\/div>\n\t\t\t\t<\/div>\n\t\t\t\t\t<\/div>\n\t\t<\/div>\n\t\t\t\t<div class=\"elementor-column elementor-col-66 elementor-top-column elementor-element elementor-element-fc128d4\" data-id=\"fc128d4\" data-element_type=\"column\">\n\t\t\t<div class=\"elementor-widget-wrap elementor-element-populated\">\n\t\t\t\t\t\t\t\t<div class=\"elementor-element elementor-element-ffba2e3 elementor-widget elementor-widget-text-editor\" data-id=\"ffba2e3\" data-element_type=\"widget\" data-widget_type=\"text-editor.default\">\n\t\t\t\t<div class=\"elementor-widget-container\">\n\t\t\t<style>\/*! elementor - v3.10.2 - 29-01-2023 *\/\n.elementor-widget-text-editor.elementor-drop-cap-view-stacked .elementor-drop-cap{background-color:#818a91;color:#fff}.elementor-widget-text-editor.elementor-drop-cap-view-framed .elementor-drop-cap{color:#818a91;border:3px solid;background-color:transparent}.elementor-widget-text-editor:not(.elementor-drop-cap-view-default) .elementor-drop-cap{margin-top:8px}.elementor-widget-text-editor:not(.elementor-drop-cap-view-default) .elementor-drop-cap-letter{width:1em;height:1em}.elementor-widget-text-editor .elementor-drop-cap{float:left;text-align:center;line-height:1;font-size:50px}.elementor-widget-text-editor .elementor-drop-cap-letter{display:inline-block}<\/style>\t\t\t\t<div class=\"heading wordwrapfix\"><h4><strong>Para pago en l\u00ednea debes seguir las indicaciones siguientes :<\/strong><\/h4><\/div><div class=\"content\"><ol><li>Ir al libro que se desea comprar.<\/li><li>Dar click en A\u00f1adir al carrito.<\/li><li>Click en Ver carrito y verificar datos.<\/li><li>Click en Finalizar compra (llenar detalles de facturaci\u00f3n).<\/li><li>Seleccionar forma de pago (PayPal o tarjeta de cr\u00e9dito\/d\u00e9bito) y seguir procedimiento.<\/li><li>Finalmente, dar click en Pagar ahora.<\/li><\/ol><p>El producto comprado, si se trata de e-book, se recibir\u00e1 en un lapso aproximado de 30 minutos.<\/p><p><strong>Nota:<\/strong> Los precios que aparecen en la tienda corresponden \u00fanicamente a libros electr\u00f3nicos (e-books). Para compras de libros impresos, solicitar informaci\u00f3n sobre precio de los t\u00edtulos de inter\u00e9s y costo de env\u00edo, por el link Contactar o el correo electr\u00f3nico de la Editorial (<a href=\"mailto:editorialsocietas@gmail.com\">editorialsocietas@gmail.com<\/a>). Para ambos tipos de compras tambi\u00e9n se aceptan pagos por Bitcoin.<\/p><\/div>\t\t\t\t\t\t<\/div>\n\t\t\t\t<\/div>\n\t\t\t\t\t<\/div>\n\t\t<\/div>\n\t\t\t\t\t\t\t<\/div>\n\t\t<\/section>\n\t\t\t\t\t\t\t<\/div>\n\t\t","protected":false},"excerpt":{"rendered":"<p>Forma de pago Para pago en l\u00ednea debes seguir las indicaciones siguientes : Ir al libro que se desea comprar. Dar click en A\u00f1adir al carrito. Click en Ver carrito y verificar datos. Click en Finalizar compra (llenar detalles de facturaci\u00f3n). Seleccionar forma de pago (PayPal o tarjeta de cr\u00e9dito\/d\u00e9bito) y seguir procedimiento. Finalmente, dar [&hellip;]<\/p>\n","protected":false},"author":1,"featured_media":0,"parent":0,"menu_order":0,"comment_status":"closed","ping_status":"closed","template":"","meta":{"_themeisle_gutenberg_block_has_review":false},"_links":{"self":[{"href":"https:\/\/editorialsocietas.com\/index.php\/wp-json\/wp\/v2\/pages\/12"}],"collection":[{"href":"https:\/\/editorialsocietas.com\/index.php\/wp-json\/wp\/v2\/pages"}],"about":[{"href":"https:\/\/editorialsocietas.com\/index.php\/wp-json\/wp\/v2\/types\/page"}],"author":[{"embeddable":true,"href":"https:\/\/editorialsocietas.com\/index.php\/wp-json\/wp\/v2\/users\/1"}],"replies":[{"embeddable":true,"href":"https:\/\/editorialsocietas.com\/index.php\/wp-json\/wp\/v2\/comments?post=12"}],"version-history":[{"count":25,"href":"https:\/\/editorialsocietas.com\/index.php\/wp-json\/wp\/v2\/pages\/12\/revisions"}],"predecessor-version":[{"id":216,"href":"https:\/\/editorialsocietas.com\/index.php\/wp-json\/wp\/v2\/pages\/12\/revisions\/216"}],"wp:attachment":[{"href":"https:\/\/editorialsocietas.com\/index.php\/wp-json\/wp\/v2\/media?parent=12"}],"curies":[{"name":"wp","href":"https:\/\/api.w.org\/{rel}","templated":true}]}}